{"id":11,"date":"2025-07-17T08:20:29","date_gmt":"2025-07-17T08:20:29","guid":{"rendered":"https:\/\/psicologamariangelesjf.es\/?page_id=11"},"modified":"2025-07-17T11:34:05","modified_gmt":"2025-07-17T11:34:05","slug":"terapias","status":"publish","type":"page","link":"https:\/\/psicologamariangelesjf.es\/?page_id=11","title":{"rendered":"Terapias"},"content":{"rendered":"<p>[et_pb_section fb_built=\u00bb1&#8243; _builder_version=\u00bb4.27.4&#8243; _module_preset=\u00bbdefault\u00bb custom_padding=\u00bb0px||||false|false\u00bb hover_enabled=\u00bb0&#8243; global_colors_info=\u00bb{}\u00bb sticky_enabled=\u00bb0&#8243;][et_pb_row _builder_version=\u00bb4.27.4&#8243; _module_preset=\u00bbdefault\u00bb background_color=\u00bbrgba(255,255,255,0.7)\u00bb background_image=\u00bbhttps:\/\/psicologamariangelesjf.es\/wp-content\/uploads\/2025\/07\/banner-inicio.jpg\u00bb background_blend=\u00bboverlay\u00bb width=\u00bb100%\u00bb max_width=\u00bb100%\u00bb min_height=\u00bb146px\u00bb global_colors_info=\u00bb{}\u00bb][et_pb_column type=\u00bb4_4&#8243; _builder_version=\u00bb4.27.4&#8243; _module_preset=\u00bbdefault\u00bb global_colors_info=\u00bb{}\u00bb][et_pb_text _builder_version=\u00bb4.27.4&#8243; _module_preset=\u00bbdefault\u00bb text_text_color=\u00bb#000000&#8243; header_font=\u00bbLobster Two||||||||\u00bb header_text_color=\u00bb#000000&#8243; header_font_size=\u00bb60px\u00bb custom_padding=\u00bb||20px||false|false\u00bb global_colors_info=\u00bb{}\u00bb]<\/p>\n<h1 style=\"text-align: center;\">Terapias<\/h1>\n<p>[\/et_pb_text][\/et_pb_column][\/et_pb_row][et_pb_row column_structure=\u00bb2_5,3_5&#8243; _builder_version=\u00bb4.27.4&#8243; _module_preset=\u00bbdefault\u00bb custom_padding=\u00bb60px|||||\u00bb global_colors_info=\u00bb{}\u00bb][et_pb_column type=\u00bb2_5&#8243; _builder_version=\u00bb4.27.4&#8243; _module_preset=\u00bbdefault\u00bb global_colors_info=\u00bb{}\u00bb][et_pb_image src=\u00bbhttps:\/\/psicologamariangelesjf.es\/wp-content\/uploads\/2025\/07\/skate-2982422_640.jpg\u00bb title_text=\u00bbskate-2982422_640&#8243; _builder_version=\u00bb4.27.4&#8243; _module_preset=\u00bbdefault\u00bb global_colors_info=\u00bb{}\u00bb][\/et_pb_image][\/et_pb_column][et_pb_column type=\u00bb3_5&#8243; _builder_version=\u00bb4.27.4&#8243; _module_preset=\u00bbdefault\u00bb global_colors_info=\u00bb{}\u00bb][et_pb_text _builder_version=\u00bb4.27.4&#8243; _module_preset=\u00bbdefault\u00bb header_2_font=\u00bbLobster Two||||||||\u00bb header_2_text_align=\u00bbleft\u00bb header_2_font_size=\u00bb30px\u00bb header_2_line_height=\u00bb1.5em\u00bb custom_margin=\u00bb10px||||false|false\u00bb global_colors_info=\u00bb{}\u00bb]<\/p>\n<h2><span style=\"color: #000000;\">Terapias adolescentes<\/span><\/h2>\n<p><span style=\"color: #000000;\">La adolescencia es un per\u00edodo de la vida en la que la confusi\u00f3n es el aspecto dominante. En ella se inician nuevas relaciones con los padres y tambi\u00e9n con el exterior; se produce una ruptura con el mundo infantil. Adem\u00e1s, los cambios fisiol\u00f3gicos tambi\u00e9n tienen que integrarse en la vida de los adolescentes, de manera que estos puedan adaptarse a su nueva imagen corporal. Si a esto le sumamos los cambios a nivel neurol\u00f3gico, podr\u00edamos hablar directamente de una \u00abpsicolog\u00eda del adolescente\u00bb.<\/span><\/p>\n<p><a href=\"https:\/\/psicologamariangelesjf.es\/contacto\/\"><span style=\"color: #000000;\"><strong>M\u00e1s informaci\u00f3n<\/strong><\/span><\/a><\/p>\n<p>[\/et_pb_text][\/et_pb_column][\/et_pb_row][et_pb_row column_structure=\u00bb3_5,2_5&#8243; _builder_version=\u00bb4.27.4&#8243; _module_preset=\u00bbdefault\u00bb global_colors_info=\u00bb{}\u00bb][et_pb_column type=\u00bb3_5&#8243; _builder_version=\u00bb4.27.4&#8243; _module_preset=\u00bbdefault\u00bb global_colors_info=\u00bb{}\u00bb][et_pb_text _builder_version=\u00bb4.27.4&#8243; _module_preset=\u00bbdefault\u00bb header_2_font=\u00bbLobster Two||||||||\u00bb header_2_text_align=\u00bbleft\u00bb header_2_font_size=\u00bb30px\u00bb header_2_line_height=\u00bb1.5em\u00bb custom_margin=\u00bb10px||||false|false\u00bb global_colors_info=\u00bb{}\u00bb]<\/p>\n<h2><span style=\"color: #000000;\">Terapias Parejas<\/span><\/h2>\n<p><span style=\"color: #000000;\">Cuando una relaci\u00f3n empieza a deteriorarse y se piensa seriamente que no hay salida, es el momento de plantearse la posibilidad de que alguien ajeno y profesional pueda mediar y analizar qu\u00e9 aspectos de la relaci\u00f3n de pareja est\u00e1n dificultando o anulando el entendimiento entre ellos. La b\u00fasqueda de la ayuda en los primeros momentos del deterioro, hace prever mejor pron\u00f3stico en el tratamiento.<\/span><\/p>\n<p><a href=\"https:\/\/psicologamariangelesjf.es\/contacto\/\"><span style=\"color: #000000;\"><strong>M\u00e1s informaci\u00f3n<\/strong><\/span><\/a><\/p>\n<p>[\/et_pb_text][\/et_pb_column][et_pb_column type=\u00bb2_5&#8243; _builder_version=\u00bb4.27.4&#8243; _module_preset=\u00bbdefault\u00bb global_colors_info=\u00bb{}\u00bb][et_pb_image src=\u00bbhttps:\/\/psicologamariangelesjf.es\/wp-content\/uploads\/2025\/07\/couple-1210023_640.jpg\u00bb title_text=\u00bbcouple-1210023_640&#8243; _builder_version=\u00bb4.27.4&#8243; _module_preset=\u00bbdefault\u00bb global_colors_info=\u00bb{}\u00bb][\/et_pb_image][\/et_pb_column][\/et_pb_row][et_pb_row column_structure=\u00bb2_5,3_5&#8243; _builder_version=\u00bb4.27.4&#8243; _module_preset=\u00bbdefault\u00bb global_colors_info=\u00bb{}\u00bb][et_pb_column type=\u00bb2_5&#8243; _builder_version=\u00bb4.27.4&#8243; _module_preset=\u00bbdefault\u00bb global_colors_info=\u00bb{}\u00bb][et_pb_image src=\u00bbhttps:\/\/psicologamariangelesjf.es\/wp-content\/uploads\/2025\/07\/team-spirit-2447163_640.jpg\u00bb title_text=\u00bbteam-spirit-2447163_640&#8243; _builder_version=\u00bb4.27.4&#8243; _module_preset=\u00bbdefault\u00bb global_colors_info=\u00bb{}\u00bb][\/et_pb_image][\/et_pb_column][et_pb_column type=\u00bb3_5&#8243; _builder_version=\u00bb4.27.4&#8243; _module_preset=\u00bbdefault\u00bb global_colors_info=\u00bb{}\u00bb][et_pb_text _builder_version=\u00bb4.27.4&#8243; _module_preset=\u00bbdefault\u00bb header_2_font=\u00bbLobster Two||||||||\u00bb header_2_text_align=\u00bbleft\u00bb header_2_font_size=\u00bb30px\u00bb header_2_line_height=\u00bb1.5em\u00bb custom_margin=\u00bb10px||||false|false\u00bb global_colors_info=\u00bb{}\u00bb]<\/p>\n<h2><span style=\"color: #000000;\">Terapias familiar<\/span><\/h2>\n<p><span style=\"color: #000000;\">La terapia familiar persigue restablecer el equilibrio de la familia, mejorar la comunicaci\u00f3n, convivencia y resolver enfrentamientos familiares que generan tensi\u00f3n. Se recomienda acudir a terapia de familia cuando existen conflictos en el hogar y no se sabe c\u00f3mo resolverlos. Si tu familia est\u00e1 pasando por un momento dif\u00edcil, bien sea por estr\u00e9s, ira, duelo, problemas con tu pareja o con tus hijos, dificultades financieras, os enfrent\u00e1is a una situaci\u00f3n de abuso de sustancias, enfermedad, etc. La terapia familiar os puede ayudar a que tu familia se comunique mejor, y aborde los conflictos y enfrentamientos de una forma m\u00e1s saludable, y sin generar tanta tensi\u00f3n.<\/span><\/p>\n<p><a href=\"https:\/\/psicologamariangelesjf.es\/contacto\/\"><span style=\"color: #000000;\"><strong>M\u00e1s informaci\u00f3n<\/strong><\/span><\/a><\/p>\n<p>[\/et_pb_text][\/et_pb_column][\/et_pb_row][et_pb_row column_structure=\u00bb3_5,2_5&#8243; _builder_version=\u00bb4.27.4&#8243; _module_preset=\u00bbdefault\u00bb global_colors_info=\u00bb{}\u00bb][et_pb_column type=\u00bb3_5&#8243; _builder_version=\u00bb4.27.4&#8243; _module_preset=\u00bbdefault\u00bb global_colors_info=\u00bb{}\u00bb][et_pb_text _builder_version=\u00bb4.27.4&#8243; _module_preset=\u00bbdefault\u00bb header_2_font=\u00bbLobster Two||||||||\u00bb header_2_text_align=\u00bbleft\u00bb header_2_font_size=\u00bb30px\u00bb header_2_line_height=\u00bb1.5em\u00bb custom_margin=\u00bb0px||||false|false\u00bb global_colors_info=\u00bb{}\u00bb]<\/p>\n<h2><span style=\"color: #000000;\">Terapias grupal<\/span><\/h2>\n<p><span style=\"color: #000000;\">El objetivo esencial es que el grupo sea el instrumento que potencie el cambio deseado. La terapia de grupo es tan eficaz porque las personas sienten que no est\u00e1n solas con su problema, se rompe el aislamiento al que muchos se hab\u00edan sometido. Por otra parte, la posibilidad de compartir sus emociones y pensamientos sin miedo a la cr\u00edtica formenta un elevado nivel de cohesi\u00f3n grupal que conduce a cambios psicol\u00f3gicos m\u00e1s estables a lo largo del tiempo. Se convierte en un espacio para ventilar los problemas de cada uno de los miembros y hallar soluci\u00f3n a los mismos.<\/span><\/p>\n<p><a href=\"https:\/\/psicologamariangelesjf.es\/contacto\/\"><span style=\"color: #000000;\"><strong>M\u00e1s informaci\u00f3n<\/strong><\/span><\/a><\/p>\n<p>[\/et_pb_text][\/et_pb_column][et_pb_column type=\u00bb2_5&#8243; _builder_version=\u00bb4.27.4&#8243; _module_preset=\u00bbdefault\u00bb global_colors_info=\u00bb{}\u00bb][et_pb_image src=\u00bbhttps:\/\/psicologamariangelesjf.es\/wp-content\/uploads\/2025\/07\/relax-1276639_640.jpg\u00bb title_text=\u00bbrelax-1276639_640&#8243; _builder_version=\u00bb4.27.4&#8243; _module_preset=\u00bbdefault\u00bb global_colors_info=\u00bb{}\u00bb][\/et_pb_image][\/et_pb_column][\/et_pb_row][et_pb_row column_structure=\u00bb2_5,3_5&#8243; _builder_version=\u00bb4.27.4&#8243; _module_preset=\u00bbdefault\u00bb global_colors_info=\u00bb{}\u00bb][et_pb_column type=\u00bb2_5&#8243; _builder_version=\u00bb4.27.4&#8243; _module_preset=\u00bbdefault\u00bb global_colors_info=\u00bb{}\u00bb][et_pb_image src=\u00bbhttps:\/\/psicologamariangelesjf.es\/wp-content\/uploads\/2025\/07\/man-1209546_640.jpg\u00bb title_text=\u00bbman-1209546_640&#8243; _builder_version=\u00bb4.27.4&#8243; _module_preset=\u00bbdefault\u00bb custom_margin=\u00bb30px||||false|false\u00bb global_colors_info=\u00bb{}\u00bb][\/et_pb_image][\/et_pb_column][et_pb_column type=\u00bb3_5&#8243; _builder_version=\u00bb4.27.4&#8243; _module_preset=\u00bbdefault\u00bb global_colors_info=\u00bb{}\u00bb][et_pb_text _builder_version=\u00bb4.27.4&#8243; _module_preset=\u00bbdefault\u00bb header_2_font=\u00bbLobster Two||||||||\u00bb header_2_text_align=\u00bbleft\u00bb header_2_font_size=\u00bb30px\u00bb header_2_line_height=\u00bb1.5em\u00bb custom_margin=\u00bb0px||||false|false\u00bb global_colors_info=\u00bb{}\u00bb]<\/p>\n<h2><span style=\"color: #000000;\">Terapias Individual<\/span><\/h2>\n<p><span style=\"color: #000000;\">La tipolog\u00eda tipo de intervenci\u00f3n en la psicolog\u00eda desde sus comienzos ha sido la terapia individual, la cual consiste en atender a una sola persona, con la premisa de confidencialidad, la cual expresa su malestar, sus miedos, necesidades, inseguridades, culpas, sufrimiento, inquietudes e incluso sus deseos.<\/span><\/p>\n<p><span style=\"color: #000000;\">Desde la primera cita en la que se comienza a trabajar, no consiste solo en recoger meramente informaci\u00f3n y buscar la alianza entre terapeuta y paciente, sino mucho m\u00e1s. Desde la primera terapia la persona se lleva pautas u orientaciones que le van a hacer sentir que comienza ese proceso de recuperaci\u00f3n tan deseado y buscado en su vida. EL CAMINO AL BIENESTAR DE LA FELICIDAD.<\/span><\/p>\n<p><a href=\"https:\/\/psicologamariangelesjf.es\/contacto\/\"><span style=\"color: #000000;\"><strong>M\u00e1s informaci\u00f3n<\/strong><\/span><\/a><\/p>\n<p>[\/et_pb_text][\/et_pb_column][\/et_pb_row][\/et_pb_section][et_pb_section fb_built=\u00bb1&#8243; _builder_version=\u00bb4.27.4&#8243; _module_preset=\u00bbdefault\u00bb background_color=\u00bbrgba(255,255,255,0.75)\u00bb background_image=\u00bbhttps:\/\/psicologamariangelesjf.es\/wp-content\/uploads\/2025\/07\/pretty-woman-1509956_1920.jpg\u00bb background_blend=\u00bboverlay\u00bb global_colors_info=\u00bb{}\u00bb][et_pb_row column_structure=\u00bb1_3,1_3,1_3&#8243; _builder_version=\u00bb4.27.4&#8243; _module_preset=\u00bbdefault\u00bb background_color=\u00bbrgba(255,255,255,0.5)\u00bb max_width=\u00bb70%\u00bb custom_margin=\u00bb||||false|false\u00bb custom_padding=\u00bb50px|40px|50px|40px|false|false\u00bb border_radii=\u00bbon|10px|10px|10px|10px\u00bb border_width_all=\u00bb1px\u00bb border_color_all=\u00bb#000000&#8243; global_colors_info=\u00bb{}\u00bb][et_pb_column type=\u00bb1_3&#8243; _builder_version=\u00bb4.27.4&#8243; _module_preset=\u00bbdefault\u00bb custom_padding=\u00bb|40px||0px|false|false\u00bb border_color_right=\u00bb#000000&#8243; global_colors_info=\u00bb{}\u00bb][et_pb_text _builder_version=\u00bb4.27.4&#8243; _module_preset=\u00bbdefault\u00bb custom_css_main_element=\u00bbwidth: 500px !important;\u00bb global_colors_info=\u00bb{}\u00bb]<\/p>\n<p style=\"text-align: center; font-size: 21px; font-family: lobster tw; font-weight: bold;\"><span style=\"color: #000000;\">Los trastornos o problemas a tratar en las terapias son:<\/span><\/p>\n<p>[\/et_pb_text][et_pb_text _builder_version=\u00bb4.27.4&#8243; _module_preset=\u00bbdefault\u00bb ul_text_color=\u00bb#000000&#8243; ul_line_height=\u00bb2.3em\u00bb global_colors_info=\u00bb{}\u00bb]<\/p>\n<ul>\n<li style=\"text-align: left;\">Problemas de ansiedad<\/li>\n<li style=\"text-align: left;\">Problemas del estado de \u00e1nimo<\/li>\n<li style=\"text-align: left;\">Depresi\u00f3n o sintomalog\u00eda depresiva<\/li>\n<li style=\"text-align: left;\">Trasntorno de estr\u00e9s postraum\u00e1tico<\/li>\n<li style=\"text-align: left;\">Problemas de comunicaci\u00f3n<\/li>\n<li style=\"text-align: left;\">Inteligencia emocional<\/li>\n<li style=\"text-align: left;\">Gesti\u00f3n de emociones<\/li>\n<li style=\"text-align: left;\">Baja autoestima<\/li>\n<\/ul>\n<p>[\/et_pb_text][\/et_pb_column][et_pb_column type=\u00bb1_3&#8243; _builder_version=\u00bb4.27.4&#8243; _module_preset=\u00bbdefault\u00bb border_width_right=\u00bb1px\u00bb border_color_right=\u00bb#000000&#8243; global_colors_info=\u00bb{}\u00bb][et_pb_text _builder_version=\u00bb4.27.4&#8243; _module_preset=\u00bbdefault\u00bb ul_text_color=\u00bb#000000&#8243; ul_line_height=\u00bb2.3em\u00bb custom_margin=\u00bb85px||||false|false\u00bb global_colors_info=\u00bb{}\u00bb]<\/p>\n<ul>\n<li style=\"text-align: left;\">Sentimiento de culpa<\/li>\n<li style=\"text-align: left;\">\u00a0Acoso escolar<\/li>\n<li style=\"text-align: left;\">Duelo infanto-juvenil y adulto<\/li>\n<li style=\"text-align: left;\">Acompa\u00f1amiento en procesos oncol\u00f3gicos<\/li>\n<li style=\"text-align: left;\">Problemas de conducta en adolescentes<\/li>\n<li style=\"text-align: left;\">Problemas de aprendizaje<\/li>\n<li style=\"text-align: left;\">Intervenci\u00f3n en atenci\u00f3n temprana<\/li>\n<\/ul>\n<p>[\/et_pb_text][\/et_pb_column][et_pb_column type=\u00bb1_3&#8243; _builder_version=\u00bb4.27.4&#8243; _module_preset=\u00bbdefault\u00bb global_colors_info=\u00bb{}\u00bb][et_pb_text _builder_version=\u00bb4.27.4&#8243; _module_preset=\u00bbdefault\u00bb ul_text_color=\u00bb#000000&#8243; ul_line_height=\u00bb2.3em\u00bb global_colors_info=\u00bb{}\u00bb]<\/p>\n<p style=\"text-align: center; font-size: 21px; font-family: lobster tw; font-weight: bold;\"><span style=\"color: #000000;\">Servicios que cubren las terapias:<\/span><\/p>\n<p style=\"text-align: center;\"><span style=\"color: #000000;\"><\/span><\/p>\n<ul style=\"margin-top: 25px;\">\n<li style=\"text-align: left;\"><span style=\"color: #000000;\">Pautas educativas a padres y madres en varios aspectos<\/span><span style=\"color: #000000;\"><\/span><span style=\"color: #000000;\"><\/span><\/li>\n<li style=\"text-align: left;\"><span style=\"color: #000000;\">Entrevistas con tutores, agentes externos, centros escolares en la intervenci\u00f3n con ni\u00f1os y ni\u00f1as<\/span><\/li>\n<li style=\"text-align: left;\"><span style=\"color: #000000;\">Sesiones de hipnosis Ericksoniana.<\/span><\/li>\n<li style=\"text-align: left;\"><span style=\"color: #000000;\">Sesiones de Reiki<\/span><\/li>\n<li style=\"text-align: left;\"><span style=\"color: #000000;\">Asesoramiento en programas de alimentaci\u00f3n de vida saludable.<\/span><\/li>\n<\/ul>\n<p>[\/et_pb_text][\/et_pb_column][\/et_pb_row][\/et_pb_section]<\/p>\n","protected":false},"excerpt":{"rendered":"<p>TerapiasTerapias adolescentes La adolescencia es un per\u00edodo de la vida en la que la confusi\u00f3n es el aspecto dominante. En ella se inician nuevas relaciones con los padres y tambi\u00e9n con el exterior; se produce una ruptura con el mundo infantil. Adem\u00e1s, los cambios fisiol\u00f3gicos tambi\u00e9n tienen que integrarse en la vida de los adolescentes, [&hellip;]<\/p>\n","protected":false},"author":1,"featured_media":0,"parent":0,"menu_order":0,"comment_status":"closed","ping_status":"closed","template":"","meta":{"_et_pb_use_builder":"on","_et_pb_old_content":"","_et_gb_content_width":"","footnotes":""},"class_list":["post-11","page","type-page","status-publish","hentry"],"_links":{"self":[{"href":"https:\/\/psicologamariangelesjf.es\/index.php?rest_route=\/wp\/v2\/pages\/11","targetHints":{"allow":["GET"]}}],"collection":[{"href":"https:\/\/psicologamariangelesjf.es\/index.php?rest_route=\/wp\/v2\/pages"}],"about":[{"href":"https:\/\/psicologamariangelesjf.es\/index.php?rest_route=\/wp\/v2\/types\/page"}],"author":[{"embeddable":true,"href":"https:\/\/psicologamariangelesjf.es\/index.php?rest_route=\/wp\/v2\/users\/1"}],"replies":[{"embeddable":true,"href":"https:\/\/psicologamariangelesjf.es\/index.php?rest_route=%2Fwp%2Fv2%2Fcomments&post=11"}],"version-history":[{"count":31,"href":"https:\/\/psicologamariangelesjf.es\/index.php?rest_route=\/wp\/v2\/pages\/11\/revisions"}],"predecessor-version":[{"id":227,"href":"https:\/\/psicologamariangelesjf.es\/index.php?rest_route=\/wp\/v2\/pages\/11\/revisions\/227"}],"wp:attachment":[{"href":"https:\/\/psicologamariangelesjf.es\/index.php?rest_route=%2Fwp%2Fv2%2Fmedia&parent=11"}],"curies":[{"name":"wp","href":"https:\/\/api.w.org\/{rel}","templated":true}]}}