{"id":8,"date":"2025-07-17T08:20:17","date_gmt":"2025-07-17T08:20:17","guid":{"rendered":"https:\/\/psicologamariangelesjf.es\/?page_id=8"},"modified":"2025-07-17T11:03:16","modified_gmt":"2025-07-17T11:03:16","slug":"inicio","status":"publish","type":"page","link":"https:\/\/psicologamariangelesjf.es\/","title":{"rendered":"Inicio"},"content":{"rendered":"<p>[et_pb_section fb_built=\u00bb1&#8243; _builder_version=\u00bb4.27.4&#8243; _module_preset=\u00bbdefault\u00bb background_color=\u00bbrgba(255,255,255,0.5)\u00bb background_image=\u00bbhttps:\/\/psicologamariangelesjf.es\/wp-content\/uploads\/2025\/07\/banner-inicio.jpg\u00bb background_blend=\u00bboverlay\u00bb hover_enabled=\u00bb0&#8243; global_colors_info=\u00bb{}\u00bb title_text=\u00bbbanner inicio\u00bb sticky_enabled=\u00bb0&#8243;][et_pb_row _builder_version=\u00bb4.27.4&#8243; _module_preset=\u00bbdefault\u00bb custom_margin=\u00bb80px||80px||false|false\u00bb global_colors_info=\u00bb{}\u00bb][et_pb_column type=\u00bb4_4&#8243; _builder_version=\u00bb4.27.4&#8243; _module_preset=\u00bbdefault\u00bb global_colors_info=\u00bb{}\u00bb][et_pb_text _builder_version=\u00bb4.27.4&#8243; _module_preset=\u00bbdefault\u00bb header_text_color=\u00bb#5a260c\u00bb header_font_size=\u00bb27px\u00bb header_line_height=\u00bb2em\u00bb header_2_font=\u00bbLobster Two||||||||\u00bb header_2_text_color=\u00bb#5a260c\u00bb header_2_font_size=\u00bb75px\u00bb global_colors_info=\u00bb{}\u00bb]<\/p>\n<h1 style=\"text-align: center;\">PSIC\u00d3LOGA<\/h1>\n<p>&nbsp;<\/p>\n<h2 style=\"text-align: center;\">Mariaangeles J.F<\/h2>\n<p>[\/et_pb_text][et_pb_text _builder_version=\u00bb4.27.4&#8243; _module_preset=\u00bbdefault\u00bb text_font_size=\u00bb18px\u00bb custom_margin=\u00bb|||550px|false|false\u00bb custom_margin_tablet=\u00bb|||550px|false|false\u00bb custom_margin_phone=\u00bb|0px||0px|false|true\u00bb custom_margin_last_edited=\u00bbon|phone\u00bb custom_padding=\u00bb||||false|false\u00bb global_colors_info=\u00bb{}\u00bb]<\/p>\n<p style=\"text-align: center;\"><strong><span style=\"color: #000000;\">Era una vez un nuevo comienzo&#8230;<\/span><\/strong><\/p>\n<p>[\/et_pb_text][\/et_pb_column][\/et_pb_row][\/et_pb_section][et_pb_section fb_built=\u00bb1&#8243; _builder_version=\u00bb4.27.4&#8243; _module_preset=\u00bbdefault\u00bb global_colors_info=\u00bb{}\u00bb][et_pb_row column_structure=\u00bb3_5,2_5&#8243; _builder_version=\u00bb4.27.4&#8243; _module_preset=\u00bbdefault\u00bb custom_margin=\u00bb40px||40px||false|false\u00bb global_colors_info=\u00bb{}\u00bb][et_pb_column type=\u00bb3_5&#8243; _builder_version=\u00bb4.27.4&#8243; _module_preset=\u00bbdefault\u00bb global_colors_info=\u00bb{}\u00bb][et_pb_text _builder_version=\u00bb4.27.4&#8243; _module_preset=\u00bbdefault\u00bb text_font_size=\u00bb16px\u00bb header_2_font=\u00bbLobster Two|700|||||||\u00bb header_2_font_size=\u00bb40px\u00bb header_2_line_height=\u00bb1.8em\u00bb text_orientation=\u00bbjustified\u00bb custom_margin=\u00bb-10px||||false|false\u00bb global_colors_info=\u00bb{}\u00bb]<\/p>\n<h2><span style=\"color: #000000;\">SOBRE M\u00cd<\/span><\/h2>\n<p><span style=\"color: #000000;\">Hola, soy Mariangeles Jare\u00f1o Ferruelo Psic\u00f3loga desde hace m\u00e1s de 12 a\u00f1os. A lo largo de todo este tiempo no he dejado de emplear mi tiempo en la formaci\u00f3n de diferentes corrientes psicol\u00f3gicas para aumentar mis conocimientos en diferentes \u00e1mbitos de la psicolog\u00eda. Uno de mis objetivos principalmente es poder proporcionar a cada uno de mis pacientes la m\u00e1xima ayuda para un desarrollo interior adecuado, con la m\u00e1xima profesionalidad y m\u00e1ximo respeto para que as\u00ed logren sus deseos de mejora.<\/span><\/p>\n<p><span style=\"color: #000000;\">En mis terapias me adapto a cada paciente, a cada situaci\u00f3n, a cada incertidumbre, haciendo de esta una terapia \u00fanica, cercana, agradable y profesional donde siempre estoy disponible para ofrecerles mis conocimientos y saberes con respecto a lo que me plantean.<\/span><\/p>\n<p><span style=\"color: #000000;\">Mi forma de trabajo es normalmente en consulta, de manera presencial, donde se trabaja personalmente en un lugar id\u00f3neo donde estar c\u00f3modos y con un ambiente c\u00e1lido, relajante y confidencial. En estas sesiones se lleva a cabo una metodolog\u00eda de trabajo individualizada utilizando diversas teor\u00edas o vertientes en funci\u00f3n a la demanda presentada.<\/span><\/p>\n<p>[\/et_pb_text][\/et_pb_column][et_pb_column type=\u00bb2_5&#8243; _builder_version=\u00bb4.27.4&#8243; _module_preset=\u00bbdefault\u00bb global_colors_info=\u00bb{}\u00bb][et_pb_image src=\u00bbhttps:\/\/psicologamariangelesjf.es\/wp-content\/uploads\/2025\/07\/WhatsApp-Image-2020-05-22-at-23.23.15.jpeg\u00bb title_text=\u00bbWhatsApp Image 2020-05-22 at 23.23.15&#8243; _builder_version=\u00bb4.27.4&#8243; _module_preset=\u00bbdefault\u00bb hover_enabled=\u00bb0&#8243; global_colors_info=\u00bb{}\u00bb sticky_enabled=\u00bb0&#8243;][\/et_pb_image][\/et_pb_column][\/et_pb_row][\/et_pb_section][et_pb_section fb_built=\u00bb1&#8243; _builder_version=\u00bb4.27.4&#8243; _module_preset=\u00bbdefault\u00bb background_color=\u00bbrgba(255,255,255,0.7)\u00bb background_image=\u00bbhttps:\/\/psicologamariangelesjf.es\/wp-content\/uploads\/2025\/07\/heart-3698156_1920.jpg\u00bb background_blend=\u00bboverlay\u00bb global_colors_info=\u00bb{}\u00bb][et_pb_row column_structure=\u00bb3_5,2_5&#8243; _builder_version=\u00bb4.27.4&#8243; _module_preset=\u00bbdefault\u00bb global_colors_info=\u00bb{}\u00bb][et_pb_column type=\u00bb3_5&#8243; _builder_version=\u00bb4.27.4&#8243; _module_preset=\u00bbdefault\u00bb global_colors_info=\u00bb{}\u00bb][et_pb_text _builder_version=\u00bb4.27.4&#8243; _module_preset=\u00bbdefault\u00bb header_2_font=\u00bbLobster Two|700|||||||\u00bb header_2_font_size=\u00bb35px\u00bb header_2_line_height=\u00bb0.3em\u00bb global_colors_info=\u00bb{}\u00bb]<\/p>\n<h2><span style=\"color: #000000;\">Terapias Individuales<\/span><\/h2>\n<p>[\/et_pb_text][et_pb_text _builder_version=\u00bb4.27.4&#8243; _module_preset=\u00bbdefault\u00bb text_font_size=\u00bb16px\u00bb text_orientation=\u00bbjustified\u00bb global_colors_info=\u00bb{}\u00bb]<\/p>\n<p><span style=\"color: #000000;\">Otra modalidad en las terapias que llevo a la pr\u00e1ctica se encuentra la terapia online. Esta modalidad puede ser una alternativa apropiada en situaciones en las que es dif\u00edcil o incluso no posible el desplazarse por cualquier circunstancia personal a la consulta.<\/span><\/p>\n<p>[\/et_pb_text][et_pb_button button_text=\u00bbVER M\u00c1S TERAPIAS\u00bb _builder_version=\u00bb4.27.4&#8243; _module_preset=\u00bbdefault\u00bb custom_button=\u00bbon\u00bb button_text_size=\u00bb18px\u00bb button_text_color=\u00bb#000000&#8243; button_bg_color=\u00bbRGBA(255,255,255,0)\u00bb button_border_width=\u00bb1px\u00bb button_border_color=\u00bb#000000&#8243; button_border_radius=\u00bb0px\u00bb button_font=\u00bb|700|||||||\u00bb button_use_icon=\u00bboff\u00bb custom_margin=\u00bb||||false|false\u00bb custom_padding=\u00bb10px|25px|10px|25px|false|false\u00bb global_colors_info=\u00bb{}\u00bb button_text_size__hover_enabled=\u00bboff|desktop\u00bb button_text_color__hover_enabled=\u00bbon|hover\u00bb button_text_color__hover=\u00bb#000000&#8243; button_bg_color__hover_enabled=\u00bbon|hover\u00bb button_bg_color__hover=\u00bbRGBA(255,255,255,0)\u00bb button_bg_enable_color__hover=\u00bbon\u00bb button_border_width__hover_enabled=\u00bbon|hover\u00bb button_border_width__hover=\u00bb1px\u00bb][\/et_pb_button][\/et_pb_column][et_pb_column type=\u00bb2_5&#8243; _builder_version=\u00bb4.27.4&#8243; _module_preset=\u00bbdefault\u00bb global_colors_info=\u00bb{}\u00bb][et_pb_code _builder_version=\u00bb4.27.4&#8243; _module_preset=\u00bbdefault\u00bb global_colors_info=\u00bb{}\u00bb]<a href=\"https:\/\/wa.me\/34627729154\" target=\"_blank\" rel=\"noopener noreferrer\"><!-- [et_pb_line_break_holder] -->  <\/p>\n<div class=\"whatsapp-container\"><!-- [et_pb_line_break_holder] -->    <img decoding=\"async\" src=\"https:\/\/psicologamariangelesjf.es\/wp-content\/uploads\/2025\/07\/whatsapp-2288548_640.png\" alt=\"WhatsApp\" class=\"whatsapp-logo\" \/><!-- [et_pb_line_break_holder] -->    <\/p>\n<div class=\"whatsapp-text\">CONTACTA POR WHATSAPP<\/div>\n<p><!-- [et_pb_line_break_holder] -->  <\/div>\n<p><!-- [et_pb_line_break_holder] --><\/a><!-- [et_pb_line_break_holder] --><!-- [et_pb_line_break_holder] --><\/p>\n<style><!-- [et_pb_line_break_holder] -->.whatsapp-container {<!-- [et_pb_line_break_holder] -->  position: relative;<!-- [et_pb_line_break_holder] -->  width: 200px;<!-- [et_pb_line_break_holder] -->  margin-left: 50px;<!-- [et_pb_line_break_holder] -->}<!-- [et_pb_line_break_holder] --><!-- [et_pb_line_break_holder] -->.whatsapp-logo {<!-- [et_pb_line_break_holder] -->  width: 100%;<!-- [et_pb_line_break_holder] -->  display: block;<!-- [et_pb_line_break_holder] -->}<!-- [et_pb_line_break_holder] --><!-- [et_pb_line_break_holder] -->.whatsapp-text {<!-- [et_pb_line_break_holder] -->  position: absolute;<!-- [et_pb_line_break_holder] -->  top: 45%;<!-- [et_pb_line_break_holder] -->  left: 55%;<!-- [et_pb_line_break_holder] -->  transform: translate(-50%, -50%);<!-- [et_pb_line_break_holder] -->  font-size: 22px;<!-- [et_pb_line_break_holder] -->  font-weight: bold;<!-- [et_pb_line_break_holder] -->  color: black;<!-- [et_pb_line_break_holder] -->  text-align: center;<!-- [et_pb_line_break_holder] -->  white-space: nowrap;<!-- [et_pb_line_break_holder] -->}<!-- [et_pb_line_break_holder] --><!-- [et_pb_line_break_holder] -->a {<!-- [et_pb_line_break_holder] -->  text-decoration: none;<!-- [et_pb_line_break_holder] -->  cursor: pointer;<!-- [et_pb_line_break_holder] -->}<!-- [et_pb_line_break_holder] -->  <!-- [et_pb_line_break_holder] --><\/style>\n<p><!-- [et_pb_line_break_holder] -->[\/et_pb_code][\/et_pb_column][\/et_pb_row][\/et_pb_section][et_pb_section fb_built=\u00bb1&#8243; _builder_version=\u00bb4.27.4&#8243; _module_preset=\u00bbdefault\u00bb global_colors_info=\u00bb{}\u00bb][et_pb_row _builder_version=\u00bb4.27.4&#8243; _module_preset=\u00bbdefault\u00bb global_colors_info=\u00bb{}\u00bb][et_pb_column type=\u00bb4_4&#8243; _builder_version=\u00bb4.27.4&#8243; _module_preset=\u00bbdefault\u00bb global_colors_info=\u00bb{}\u00bb][et_pb_heading title=\u00bbTerapias\u00bb _builder_version=\u00bb4.27.4&#8243; _module_preset=\u00bbdefault\u00bb title_font=\u00bbLobster Two|700|||||||\u00bb title_text_align=\u00bbcenter\u00bb title_font_size=\u00bb50px\u00bb global_colors_info=\u00bb{}\u00bb][\/et_pb_heading][\/et_pb_column][\/et_pb_row][et_pb_row column_structure=\u00bb1_3,1_3,1_3&#8243; _builder_version=\u00bb4.27.4&#8243; _module_preset=\u00bbdefault\u00bb global_colors_info=\u00bb{}\u00bb][et_pb_column type=\u00bb1_3&#8243; _builder_version=\u00bb4.27.4&#8243; _module_preset=\u00bbdefault\u00bb global_colors_info=\u00bb{}\u00bb][et_pb_text _builder_version=\u00bb4.27.4&#8243; _module_preset=\u00bbdefault\u00bb text_font_size=\u00bb16px\u00bb header_3_font=\u00bbLobster Two||||||||\u00bb header_3_font_size=\u00bb30px\u00bb header_3_line_height=\u00bb1.8em\u00bb background_color=\u00bb#fff1e9&#8243; custom_margin=\u00bb|||-35px|false|false\u00bb custom_padding=\u00bb20px|10px|25px|10px|false|false\u00bb global_colors_info=\u00bb{}\u00bb]<\/p>\n<h3 style=\"text-align: center;\">Terapia Grupal<\/h3>\n<p style=\"text-align: center;\"><span style=\"color: #000000;\">El objetivo esencial es que el grupo sea el instrumento que potencia el cambio deseado.<\/span><\/p>\n<p style=\"text-align: center;\"><a style=\"color: #b9a65a;\" href=\"https:\/\/psicologamariangelesjf.es\/terapias\/\">VER M\u00c1S<\/a><\/p>\n<p>[\/et_pb_text][\/et_pb_column][et_pb_column type=\u00bb1_3&#8243; _builder_version=\u00bb4.27.4&#8243; _module_preset=\u00bbdefault\u00bb global_colors_info=\u00bb{}\u00bb][et_pb_text _builder_version=\u00bb4.27.4&#8243; _module_preset=\u00bbdefault\u00bb text_font_size=\u00bb16px\u00bb header_3_font=\u00bbLobster Two||||||||\u00bb header_3_font_size=\u00bb30px\u00bb header_3_line_height=\u00bb1.8em\u00bb background_color=\u00bb#fff1e9&#8243; custom_margin=\u00bb|||-35px|false|false\u00bb custom_padding=\u00bb20px|10px|25px|10px|false|false\u00bb global_colors_info=\u00bb{}\u00bb]<\/p>\n<h3 style=\"text-align: center;\">Terapia Familiar<\/h3>\n<p style=\"text-align: center;\"><span style=\"color: #000000;\">La terapia familiar persigue restablecer el equilibrio de la familia, mejorar la comunicaci\u00f3n, la convivencia&#8230;<\/span><\/p>\n<p style=\"text-align: center;\"><a style=\"color: #b9a65a;\" href=\"https:\/\/psicologamariangelesjf.es\/terapias\/\">VER M\u00c1S<\/a><\/p>\n<p>[\/et_pb_text][\/et_pb_column][et_pb_column type=\u00bb1_3&#8243; _builder_version=\u00bb4.27.4&#8243; _module_preset=\u00bbdefault\u00bb global_colors_info=\u00bb{}\u00bb][et_pb_text _builder_version=\u00bb4.27.4&#8243; _module_preset=\u00bbdefault\u00bb text_font_size=\u00bb16px\u00bb header_3_font=\u00bbLobster Two||||||||\u00bb header_3_font_size=\u00bb30px\u00bb header_3_line_height=\u00bb1.8em\u00bb background_color=\u00bb#fff1e9&#8243; custom_margin=\u00bb|||-35px|false|false\u00bb custom_padding=\u00bb20px|10px|25px|10px|false|false\u00bb global_colors_info=\u00bb{}\u00bb]<\/p>\n<h3 style=\"text-align: center;\">Terapia de Parejas<\/h3>\n<p style=\"text-align: center;\"><span style=\"color: #000000;\">Las b\u00fasqueda de la ayuda en los primeros momentos del deterioro, hace prever mejor pron\u00f3stico en el tratamiento.<\/span><\/p>\n<p style=\"text-align: center;\"><a style=\"color: #b9a65a;\" href=\"https:\/\/psicologamariangelesjf.es\/terapias\/\">VER M\u00c1S<\/a><\/p>\n<p>[\/et_pb_text][\/et_pb_column][\/et_pb_row][et_pb_row _builder_version=\u00bb4.27.4&#8243; _module_preset=\u00bbdefault\u00bb global_colors_info=\u00bb{}\u00bb][et_pb_column type=\u00bb4_4&#8243; _builder_version=\u00bb4.27.4&#8243; _module_preset=\u00bbdefault\u00bb global_colors_info=\u00bb{}\u00bb][et_pb_button button_text=\u00bbCLICA AQU\u00cd PARA VER M\u00c1S TERAPIAS\u00bb button_alignment=\u00bbcenter\u00bb _builder_version=\u00bb4.27.4&#8243; _module_preset=\u00bbdefault\u00bb custom_button=\u00bbon\u00bb button_text_size=\u00bb18px\u00bb button_text_color=\u00bb#000000&#8243; button_bg_color=\u00bbRGBA(255,255,255,0)\u00bb button_border_width=\u00bb1px\u00bb button_border_color=\u00bb#000000&#8243; button_border_radius=\u00bb0px\u00bb button_font=\u00bb|700|||||||\u00bb button_use_icon=\u00bboff\u00bb custom_margin=\u00bb||||false|false\u00bb custom_padding=\u00bb10px|25px|10px|25px|false|false\u00bb global_colors_info=\u00bb{}\u00bb button_text_size__hover_enabled=\u00bboff|desktop\u00bb button_text_color__hover_enabled=\u00bbon|hover\u00bb button_text_color__hover=\u00bb#000000&#8243; button_bg_color__hover_enabled=\u00bbon|hover\u00bb button_bg_color__hover=\u00bbRGBA(255,255,255,0)\u00bb button_bg_enable_color__hover=\u00bbon\u00bb button_border_width__hover_enabled=\u00bbon|hover\u00bb button_border_width__hover=\u00bb1px\u00bb][\/et_pb_button][\/et_pb_column][\/et_pb_row][\/et_pb_section]<\/p>\n","protected":false},"excerpt":{"rendered":"<p>PSIC\u00d3LOGA &nbsp; Mariaangeles J.FEra una vez un nuevo comienzo&#8230;SOBRE M\u00cd Hola, soy Mariangeles Jare\u00f1o Ferruelo Psic\u00f3loga desde hace m\u00e1s de 12 a\u00f1os. A lo largo de todo este tiempo no he dejado de emplear mi tiempo en la formaci\u00f3n de diferentes corrientes psicol\u00f3gicas para aumentar mis conocimientos en diferentes \u00e1mbitos de la psicolog\u00eda. Uno de [&hellip;]<\/p>\n","protected":false},"author":1,"featured_media":0,"parent":0,"menu_order":0,"comment_status":"closed","ping_status":"closed","template":"","meta":{"_et_pb_use_builder":"on","_et_pb_old_content":"<!-- wp:divi\/placeholder \/-->","_et_gb_content_width":"","footnotes":""},"class_list":["post-8","page","type-page","status-publish","hentry"],"_links":{"self":[{"href":"https:\/\/psicologamariangelesjf.es\/index.php?rest_route=\/wp\/v2\/pages\/8","targetHints":{"allow":["GET"]}}],"collection":[{"href":"https:\/\/psicologamariangelesjf.es\/index.php?rest_route=\/wp\/v2\/pages"}],"about":[{"href":"https:\/\/psicologamariangelesjf.es\/index.php?rest_route=\/wp\/v2\/types\/page"}],"author":[{"embeddable":true,"href":"https:\/\/psicologamariangelesjf.es\/index.php?rest_route=\/wp\/v2\/users\/1"}],"replies":[{"embeddable":true,"href":"https:\/\/psicologamariangelesjf.es\/index.php?rest_route=%2Fwp%2Fv2%2Fcomments&post=8"}],"version-history":[{"count":21,"href":"https:\/\/psicologamariangelesjf.es\/index.php?rest_route=\/wp\/v2\/pages\/8\/revisions"}],"predecessor-version":[{"id":180,"href":"https:\/\/psicologamariangelesjf.es\/index.php?rest_route=\/wp\/v2\/pages\/8\/revisions\/180"}],"wp:attachment":[{"href":"https:\/\/psicologamariangelesjf.es\/index.php?rest_route=%2Fwp%2Fv2%2Fmedia&parent=8"}],"curies":[{"name":"wp","href":"https:\/\/api.w.org\/{rel}","templated":true}]}}